{"id":177,"date":"2020-07-15T16:09:45","date_gmt":"2020-07-15T14:09:45","guid":{"rendered":"http:\/\/dupierris.eu\/?page_id=177"},"modified":"2026-03-11T09:37:45","modified_gmt":"2026-03-11T08:37:45","slug":"expositions","status":"publish","type":"page","link":"https:\/\/dupierris.eu\/index.php\/57-2\/expositions\/","title":{"rendered":"expositions"},"content":{"rendered":"\t\t<div data-elementor-type=\"wp-page\" data-elementor-id=\"177\" class=\"elementor elementor-177\" data-elementor-settings=\"[]\">\n\t\t\t\t\t\t<div class=\"elementor-inner\">\n\t\t\t\t\t\t\t<div class=\"elementor-section-wrap\">\n\t\t\t\t\t\t\t<section class=\"elementor-section elementor-top-section elementor-element elementor-element-3cc53951 elementor-section-boxed elementor-section-height-default elementor-section-height-default\" data-id=\"3cc53951\" data-element_type=\"section\">\n\t\t\t\t\t\t<div class=\"elementor-container elementor-column-gap-default\">\n\t\t\t\t\t\t\t<div class=\"elementor-row\">\n\t\t\t\t\t<div class=\"elementor-column elementor-col-100 elementor-top-column elementor-element elementor-element-1d366844\" data-id=\"1d366844\" data-element_type=\"column\">\n\t\t\t<div class=\"elementor-column-wrap elementor-element-populated\">\n\t\t\t\t\t\t\t<div class=\"elementor-widget-wrap\">\n\t\t\t\t\t\t<div class=\"elementor-element elementor-element-3a57b516 elementor-widget elementor-widget-text-editor\" data-id=\"3a57b516\" data-element_type=\"widget\" data-widget_type=\"text-editor.default\">\n\t\t\t\t<div class=\"elementor-widget-container\">\n\t\t\t\t\t\t\t\t<div class=\"elementor-text-editor elementor-clearfix\">\n\t\t\t\t<p style=\"margin-top: 0px; margin-bottom: 24px; font-style: normal; font-variant-caps: normal; font-stretch: normal; line-height: normal; font-family: Helvetica; font-size-adjust: none; font-kerning: auto; font-variant-alternates: normal; font-variant-ligatures: normal; font-variant-numeric: normal; font-variant-east-asian: normal; font-variant-position: normal; font-feature-settings: normal; font-optical-sizing: auto; font-variation-settings: normal; color: #676767;\"><span style=\"font-kerning: none;\"><b>2026<\/b>\u00a0<br \/><\/span>&#8211; \u00c9change Artistique International de Uji, Temple Manpuku-ji, KY\u014cTO (Japon)<br \/>&#8211; Galerie Abstract Project, #210 Art et math\u00e9matiques, PARIS (11e)<br \/>&#8211; Galerie Abstract Project, #207 \u00ab pixel\/pellicule \u00bb, PARIS (11e)<br \/>&#8211; Galerie Abstract Project, #206 \u00ab 11 pour 11 \u00bb, PARIS (11e)<\/p>\n<p><b>2025<\/b>\u00a0<br \/>&#8211; Galerie Abstract Project, #189 Art et math\u00e9matiques, PARIS (11e)<br \/><b>2024<\/b>\u00a0<br \/>&#8211; Galerie Abstract Project, #175 Art et math\u00e9matiques, PARIS (11e)<br \/><b>2023<\/b>\u00a0<br \/>&#8211; Galerie Abstract Project, #155 Art et math\u00e9matiques, PARIS (11e)<br \/><strong style=\"font-size: 1em; color: var( --e-global-color-text ); font-family: var( --e-global-typography-text-font-family ), Sans-serif;\">2022<\/strong><span style=\"font-size: 1em; color: var( --e-global-color-text ); font-family: var( --e-global-typography-text-font-family ), Sans-serif;\">\u00a0<\/span>&#8211; Galerie Grand Mondes, exposition de 5 photographes, PARIS (11e)<br \/><span style=\"font-kerning: none;\"><span style=\"color: var( --e-global-color-text ); font-family: var( --e-global-typography-text-font-family ), Sans-serif;\">&#8211; Galerie Abstract Project, #149 Art et math\u00e9matiques, PARIS (11e)<br \/><\/span>&#8211; 76e \u00e9dition du salon R\u00c9ALIT\u00c9S NOUVELLES, PARIS<br \/><\/span><span style=\"color: var( --e-global-color-text ); font-family: var( --e-global-typography-text-font-family ), Sans-serif;\">&#8211; Galerie Abstract Project, #140 R\u00e9alit\u00e9s photographiques, PARIS (11e)<br \/><\/span><span style=\"color: var( --e-global-color-text ); font-family: var( --e-global-typography-text-font-family ), Sans-serif;\">&#8211; Exposition &#8211; R\u00e9alit\u00e9s Nouvelles Hors les Murs, GG-Lake Art Gallery, FUZHOU (Chine)<br \/><\/span><span style=\"-webkit-font-kerning: none;\">&#8211; Exposition &#8211; R\u00e9alit\u00e9s Nouvelles Hors les Murs, Galerie 1905, SHENYANG (Chine)<br \/><\/span><strong>2021<\/strong> <br \/>&#8211; Exposition R\u00e9alit\u00e9s Nouvelles Hors les Murs, Galerie 1905, SHENYANG (Chine)<br \/>&#8211; 75e \u00e9dition du salon R\u00c9ALIT\u00c9S NOUVELLES, PARIS<br \/><strong>2020<\/strong> <br \/>&#8211; Galerie Abstract Project, #105 Couleurs, PARIS (11e)\u00a0<br \/>&#8211; Galerie Abstract Project, #104 En quatorzaine, PARIS (11e)\u00a0<br \/>&#8211; Galerie Abstract Project, #103 Art et math\u00e9matiques 3, PARIS (11e)<br \/>&#8211; 74e \u00e9dition annul\u00e9e du salon R\u00c9ALIT\u00c9S NOUVELLES, PARIS<br \/><strong>2019<\/strong> <br \/>&#8211; Galerie AbstractProject, #95 RVB &#8211; Bleu, PARIS (11e)<br \/>&#8211; 73e \u00e9dition du Salon R\u00c9ALIT\u00c9S NOUVELLES, PARIS<br \/>&#8211; Exposition R\u00e9alit\u00e9s Nouvelles Hors les Murs \u00e0 BUDVA (MONT\u00c9N\u00c9GRO)<br \/>&#8211; Galerie Abstract Project, #82 Art et math\u00e9matiques 2, PARIS (11e)<br \/><strong>2018<\/strong> <br \/>&#8211; Galerie Abstract Project, #76 Art Num\u00e9rique 2, PARIS (11e)<br \/>&#8211; Galerie de l\u2019Agora du Conseil de l\u2019Europe, STRASBOURG<br \/>&#8211; 72e \u00e9dition du Salon R\u00c9ALIT\u00c9S NOUVELLES, PARIS<br \/>&#8211; EST Temps d\u2019Art pour l\u2019Europe, Lieu d\u2019Europe, STRASBOURG<br \/>&#8211; Galerie Abstract Project, #61 Art et math\u00e9matiques, PARIS (11e)<br \/>&#8211; Strasbourg Art Photography, STRASBOURG (67)<br \/>&#8211; Galerie Abstract Project, #59 Abstractson (commissariat), PARIS (11e)<br \/><strong>2017<\/strong> <br \/>&#8211; Galerie Abstract Project, #56 Format de poche, PARIS (11e)<br \/>&#8211; Galerie Abstract Project, #55 Art Num\u00e9rique, PARIS (11e)<br \/>&#8211; 71e \u00e9dition du Salon R\u00c9ALIT\u00c9S NOUVELLES, PARIS<br \/>&#8211; Exposition R\u00e9alit\u00e9s Nouvelles Hors les Murs \u00e0 BERNIN (Is\u00e8re)<br \/>&#8211; Palais du Conseil de l\u2019Europe, STRASBOURG<br \/>&#8211; Kaleidoscope Museum &#8211; KYOTO (JAPON)<br \/><strong>2016<\/strong> <br \/>&#8211; Galerie Abstract Project 70 ans 4\/4, PARIS (11e)<br \/>&#8211; 70e \u00e9dition du Salon R\u00c9ALIT\u00c9S NOUVELLES, PARIS<br \/>&#8211; Galerie Abstract Project 70 ans 3\/4, PARIS (11e)<br \/>&#8211; Galerie de l\u2019Agora du Conseil de l\u2019Europe, STRASBOURG<br \/>&#8211; Exposition R\u00e9alit\u00e9s Nouvelles Hors les Murs, Pays de Caux<br \/>&#8211; Galerie Abstract Project 70 ans 2\/4, PARIS (11e)<br \/>&#8211; Galerie Abstract Project 70 ans 1\/4, PARIS (11e)<br \/><strong>2015<\/strong><br \/>&#8211; 69e \u00e9dition du Salon R\u00c9ALIT\u00c9S NOUVELLES, PARIS<br \/>&#8211; Galerie Abstract Project #2 Saturation z\u00e9ro, PARIS (11e)<br \/>&#8211; 6e Salon des Arts de S\u00c8VRES (92)<br \/><strong>2014<\/strong> <br \/>&#8211; Exposition R\u00e9alit\u00e9s Nouvelles Hors les Murs \u00e0 PEKIN (CHINE)<br \/>&#8211; 68e \u00e9dition du Salon R\u00e9alit\u00e9s Nouvelles, PARIS<br \/>&#8211; Exposition R\u00e9alit\u00e9s Nouvelles Hors les murs CHAUDES-AIGUES ( France)<br \/>&#8211; 5e Salon des Arts de S\u00c8VRES (92)<br \/><strong>2013<\/strong> <br \/>&#8211; Soci\u00e9t\u00e9 des Artistes Fran\u00e7ais, ART EN CAPITALE, Grand-Palais, PARIS<br \/>&#8211; Exposition ROUGES ET NOIRS, PARIS<br \/>&#8211; 67e \u00e9dition du Salon R\u00c9ALIT\u00c9S NOUVELLES, PARIS<br \/>&#8211; Exposition R\u00c9ALIT\u00c9S NOUVELLES Hors les murs BELGRADE (Serbie)<br \/>&#8211; 4e Salon des Arts de S\u00c8VRES (92)<br \/><strong>2012<\/strong> <br \/>&#8211; Exposition LES INSOLITES II, PARIS (11e)<br \/>&#8211; Exposition ARTCITE 2012, FONTENAY-SOUS-BOIS (94)<br \/>&#8211; Exposition ROUGES ET NOIRS, IVRY-SUR-SEINE (94)<br \/>&#8211; Journ\u00e9es Europ\u00e9ennes du Patrimoine, F\u00eate Franco Japonaise, PARIS<br \/>&#8211; Pr\u00e9sentation du livre \u00ab Mais que cela reste entre nous\u2026 \u00bb, PARIS<br \/>&#8211; 66e \u00e9dition du Salon R\u00c9ALIT\u00c9S NOUVELLES, PARIS<br \/>&#8211; Salon Photographique RENDEZ-VOUS IMAGE, STRASBOURG (67)<br \/><strong>2011<\/strong> <br \/>&#8211; 10e Symposium, Place Dauphine, PARIS (1er)<br \/>&#8211; 65e \u00e9dition du Salon R\u00c9ALIT\u00c9S NOUVELLES, PARIS<br \/><strong>2010<\/strong> <br \/>&#8211; 9e Symposium, Place Dauphine, PARIS (1er)<br \/>2010 &#8211; Exposition de groupe, Espace Beaurepaire, PARIS (10e)<br \/>2010 &#8211; 64e \u00e9dition du Salon R\u00c9ALIT\u00c9S NOUVELLES, PARIS<br \/><strong>2009<\/strong> <br \/>&#8211; Portes Ouvertes, Salle Robespierre, IVRY-SUR-SEINE (94)<br \/>&#8211; Exposition de groupe, Centre du Point du Jour, PARIS (16e)<br \/>&#8211; Galerie FYR, FLORENCE (Italie)<\/p>\n<p>\u00a0<\/p>\n<p><!-- \/wp:paragraph --><\/p>\n<p><!-- wp:paragraph --><\/p>\n<p><!-- \/wp:paragraph --><\/p>\n<p><!-- wp:paragraph --><\/p>\n<p><!-- \/wp:paragraph --><\/p>\t\t\t\t\t<\/div>\n\t\t\t\t\t\t<\/div>\n\t\t\t\t<\/div>\n\t\t\t\t\t\t<\/div>\n\t\t\t\t\t<\/div>\n\t\t<\/div>\n\t\t\t\t\t\t\t\t<\/div>\n\t\t\t\t\t<\/div>\n\t\t<\/section>\n\t\t\t\t\t\t<\/div>\n\t\t\t\t\t\t<\/div>\n\t\t\t\t\t<\/div>\n\t\t","protected":false},"excerpt":{"rendered":"<p>2026\u00a0&#8211; \u00c9change Artistique International de Uji, Temple Manpuku-ji, KY\u014cTO (Japon)&#8211; Galerie Abstract Project, #210 Art&#8230;<\/p>\n<div class=\"more-link-wrapper\"><a class=\"more-link\" href=\"https:\/\/dupierris.eu\/index.php\/57-2\/expositions\/\">Read the post<span class=\"screen-reader-text\">expositions<\/span><\/a><\/div>\n","protected":false},"author":1,"featured_media":0,"parent":57,"menu_order":1,"comment_status":"closed","ping_status":"closed","template":"","meta":{"footnotes":""},"class_list":["post-177","page","type-page","status-publish","hentry","excerpt","zoom","full-without-featured","even","excerpt-0"],"jetpack_sharing_enabled":true,"_links":{"self":[{"href":"https:\/\/dupierris.eu\/index.php\/wp-json\/wp\/v2\/pages\/177","targetHints":{"allow":["GET"]}}],"collection":[{"href":"https:\/\/dupierris.eu\/index.php\/wp-json\/wp\/v2\/pages"}],"about":[{"href":"https:\/\/dupierris.eu\/index.php\/wp-json\/wp\/v2\/types\/page"}],"author":[{"embeddable":true,"href":"https:\/\/dupierris.eu\/index.php\/wp-json\/wp\/v2\/users\/1"}],"replies":[{"embeddable":true,"href":"https:\/\/dupierris.eu\/index.php\/wp-json\/wp\/v2\/comments?post=177"}],"version-history":[{"count":31,"href":"https:\/\/dupierris.eu\/index.php\/wp-json\/wp\/v2\/pages\/177\/revisions"}],"predecessor-version":[{"id":362,"href":"https:\/\/dupierris.eu\/index.php\/wp-json\/wp\/v2\/pages\/177\/revisions\/362"}],"up":[{"embeddable":true,"href":"https:\/\/dupierris.eu\/index.php\/wp-json\/wp\/v2\/pages\/57"}],"wp:attachment":[{"href":"https:\/\/dupierris.eu\/index.php\/wp-json\/wp\/v2\/media?parent=177"}],"curies":[{"name":"wp","href":"https:\/\/api.w.org\/{rel}","templated":true}]}}